{"id":10,"date":"2025-09-03T17:40:15","date_gmt":"2025-09-03T15:40:15","guid":{"rendered":"http:\/\/printara.pl\/index.php\/koszyk\/"},"modified":"2025-09-06T19:05:09","modified_gmt":"2025-09-06T17:05:09","slug":"koszyk","status":"publish","type":"page","link":"https:\/\/printara.pl\/index.php\/koszyk\/","title":{"rendered":"Koszyk"},"content":{"rendered":"\n<div data-block-name=\"woocommerce\/cart\" class=\"wp-block-woocommerce-cart alignwide is-loading\">\n<div data-block-name=\"woocommerce\/filled-cart-block\" class=\"wp-block-woocommerce-filled-cart-block\">\n<div data-block-name=\"woocommerce\/cart-items-block\" class=\"wp-block-woocommerce-cart-items-block\">\n<div data-block-name=\"woocommerce\/cart-line-items-block\" class=\"wp-block-woocommerce-cart-line-items-block\"><\/div>\n\n\n\n<div data-block-name=\"woocommerce\/cart-cross-sells-block\" class=\"wp-block-woocommerce-cart-cross-sells-block\">\n<h2 class=\"wp-block-heading has-large-font-size\">Zobacz inne r\u00f3wnie interesuj\u0105ce\u2026<\/h2>\n\n\n\n<div data-block-name=\"woocommerce\/cart-cross-sells-products-block\" class=\"wp-block-woocommerce-cart-cross-sells-products-block\"><\/div>\n<\/div>\n<\/div>\n\n\n\n<div data-block-name=\"woocommerce\/cart-totals-block\" class=\"wp-block-woocommerce-cart-totals-block\">\n<div data-block-name=\"woocommerce\/cart-order-summary-block\" class=\"wp-block-woocommerce-cart-order-summary-block\">\n<div data-block-name=\"woocommerce\/cart-order-summary-heading-block\" class=\"wp-block-woocommerce-cart-order-summary-heading-block\"><\/div><div data-block-name=\"woocommerce\/cart-order-summary-coupon-form-block\" class=\"wp-block-woocommerce-cart-order-summary-coupon-form-block\"><\/div><div data-block-name=\"woocommerce\/cart-order-summary-totals-block\" class=\"wp-block-woocommerce-cart-order-summary-totals-block\">\n<div data-block-name=\"woocommerce\/cart-order-summary-subtotal-block\" class=\"wp-block-woocommerce-cart-order-summary-subtotal-block\"><\/div>\n<div data-block-name=\"woocommerce\/cart-order-summary-discount-block\" class=\"wp-block-woocommerce-cart-order-summary-discount-block\"><\/div>\n<div data-block-name=\"woocommerce\/cart-order-summary-fee-block\" class=\"wp-block-woocommerce-cart-order-summary-fee-block\"><\/div>\n<div data-block-name=\"woocommerce\/cart-order-summary-shipping-block\" class=\"wp-block-woocommerce-cart-order-summary-shipping-block\"><\/div>\n<div data-block-name=\"woocommerce\/cart-order-summary-taxes-block\" class=\"wp-block-woocommerce-cart-order-summary-taxes-block\"><\/div><\/div>\n<\/div>\n\n\n\n<div data-block-name=\"woocommerce\/cart-express-payment-block\" class=\"wp-block-woocommerce-cart-express-payment-block\"><\/div>\n\n\n\n<div data-block-name=\"woocommerce\/proceed-to-checkout-block\" class=\"wp-block-woocommerce-proceed-to-checkout-block\"><\/div>\n\n\n\n<div data-block-name=\"woocommerce\/cart-accepted-payment-methods-block\" class=\"wp-block-woocommerce-cart-accepted-payment-methods-block\"><\/div>\n<\/div>\n<\/div>\n\n\n\n<div data-block-name=\"woocommerce\/empty-cart-block\" class=\"wp-block-woocommerce-empty-cart-block\">\n<h2 class=\"wp-block-heading has-text-align-center with-empty-cart-icon wc-block-cart__empty-cart__title\">Tw\u00f3j koszyk jest obecnie pusty!<\/h2>\n\n\n\n<hr class=\"wp-block-separator has-alpha-channel-opacity is-style-dots\"\/>\n\n\n\n<h2 class=\"wp-block-heading has-text-align-center\">Nowe w sklepie<\/h2>\n\n\n<div data-block-name=\"woocommerce\/product-new\" data-columns=\"4\" data-rows=\"1\" class=\"wc-block-grid wp-block-product-new wp-block-woocommerce-product-new wc-block-product-new has-4-columns\"><ul class=\"wc-block-grid__products\"><li class=\"wc-block-grid__product\">\n\t\t\t\t<a href=\"https:\/\/printara.pl\/index.php\/produkt\/organizer-lazienkowy-makeupmate-minimalistyczny-i-praktyczny\/\" class=\"wc-block-grid__product-link\">\n\t\t\t\t\t\n\t\t\t\t\t<div class=\"wc-block-grid__product-image\"><img loading=\"lazy\" decoding=\"async\" width=\"300\" height=\"300\" src=\"https:\/\/printara.pl\/wp-content\/uploads\/woocommerce-placeholder.webp\" class=\"woocommerce-placeholder wp-post-image\" alt=\"\" srcset=\"https:\/\/printara.pl\/wp-content\/uploads\/woocommerce-placeholder.webp 1200w, https:\/\/printara.pl\/wp-content\/uploads\/woocommerce-placeholder-300x300.webp 300w, https:\/\/printara.pl\/wp-content\/uploads\/woocommerce-placeholder-1024x1024.webp 1024w, https:\/\/printara.pl\/wp-content\/uploads\/woocommerce-placeholder-150x150.webp 150w, https:\/\/printara.pl\/wp-content\/uploads\/woocommerce-placeholder-768x768.webp 768w, https:\/\/printara.pl\/wp-content\/uploads\/woocommerce-placeholder-600x600.webp 600w\" sizes=\"auto, (max-width: 300px) 100vw, 300px\" \/><\/div>\n\t\t\t\t\t<div class=\"wc-block-grid__product-title\">Organizer \u0142azienkowy MakeUpMate \u2013 minimalistyczny i praktyczny<\/div>\n\t\t\t\t<\/a>\n\t\t\t\t<div class=\"wc-block-grid__product-price price\"><\/div>\n\t\t\t\t\n\t\t\t\t<div class=\"wp-block-button wc-block-grid__product-add-to-cart\"><a href=\"https:\/\/printara.pl\/index.php\/produkt\/organizer-lazienkowy-makeupmate-minimalistyczny-i-praktyczny\/\" aria-label=\"Przeczytaj wi\u0119cej o &bdquo;Organizer \u0142azienkowy MakeUpMate \u2013 minimalistyczny i praktyczny&rdquo;\" data-quantity=\"1\" data-product_id=\"98\" data-product_sku=\"\" data-price=\"0\" rel=\"nofollow\" class=\"wp-block-button__link  add_to_cart_button\">Dowiedz si\u0119 wi\u0119cej<\/a><\/div>\n\t\t\t<\/li><li class=\"wc-block-grid__product\">\n\t\t\t\t<a href=\"https:\/\/printara.pl\/index.php\/produkt\/organizer-do-szafy-na-paski-krawaty-czy-akcesoria\/\" class=\"wc-block-grid__product-link\">\n\t\t\t\t\t\n\t\t\t\t\t<div class=\"wc-block-grid__product-image\"><img loading=\"lazy\" decoding=\"async\" width=\"300\" height=\"300\" src=\"https:\/\/printara.pl\/wp-content\/uploads\/woocommerce-placeholder.webp\" class=\"woocommerce-placeholder wp-post-image\" alt=\"\" srcset=\"https:\/\/printara.pl\/wp-content\/uploads\/woocommerce-placeholder.webp 1200w, https:\/\/printara.pl\/wp-content\/uploads\/woocommerce-placeholder-300x300.webp 300w, https:\/\/printara.pl\/wp-content\/uploads\/woocommerce-placeholder-1024x1024.webp 1024w, https:\/\/printara.pl\/wp-content\/uploads\/woocommerce-placeholder-150x150.webp 150w, https:\/\/printara.pl\/wp-content\/uploads\/woocommerce-placeholder-768x768.webp 768w, https:\/\/printara.pl\/wp-content\/uploads\/woocommerce-placeholder-600x600.webp 600w\" sizes=\"auto, (max-width: 300px) 100vw, 300px\" \/><\/div>\n\t\t\t\t\t<div class=\"wc-block-grid__product-title\">Organizer do szafy \u2013 na paski, krawaty czy akcesoria<\/div>\n\t\t\t\t<\/a>\n\t\t\t\t<div class=\"wc-block-grid__product-price price\"><\/div>\n\t\t\t\t\n\t\t\t\t<div class=\"wp-block-button wc-block-grid__product-add-to-cart\"><a href=\"https:\/\/printara.pl\/index.php\/produkt\/organizer-do-szafy-na-paski-krawaty-czy-akcesoria\/\" aria-label=\"Przeczytaj wi\u0119cej o &bdquo;Organizer do szafy \u2013 na paski, krawaty czy akcesoria&rdquo;\" data-quantity=\"1\" data-product_id=\"97\" data-product_sku=\"\" data-price=\"0\" rel=\"nofollow\" class=\"wp-block-button__link  add_to_cart_button\">Dowiedz si\u0119 wi\u0119cej<\/a><\/div>\n\t\t\t<\/li><li class=\"wc-block-grid__product\">\n\t\t\t\t<a href=\"https:\/\/printara.pl\/index.php\/produkt\/torebkowy-straznik-koniec-z-kuchennym-chaosem\/\" class=\"wc-block-grid__product-link\">\n\t\t\t\t\t\n\t\t\t\t\t<div class=\"wc-block-grid__product-image\"><img loading=\"lazy\" decoding=\"async\" width=\"300\" height=\"300\" src=\"https:\/\/printara.pl\/wp-content\/uploads\/2025\/09\/KO001-10-300x300.jpg\" class=\"attachment-woocommerce_thumbnail size-woocommerce_thumbnail\" alt=\"\u201eTorebkowy Stra\u017cnik\u201d \u2013 Koniec z Kuchennym Chaosem\" srcset=\"https:\/\/printara.pl\/wp-content\/uploads\/2025\/09\/KO001-10-300x300.jpg 300w, https:\/\/printara.pl\/wp-content\/uploads\/2025\/09\/KO001-10-1024x1024.jpg 1024w, https:\/\/printara.pl\/wp-content\/uploads\/2025\/09\/KO001-10-150x150.jpg 150w, https:\/\/printara.pl\/wp-content\/uploads\/2025\/09\/KO001-10-768x768.jpg 768w, https:\/\/printara.pl\/wp-content\/uploads\/2025\/09\/KO001-10-1536x1536.jpg 1536w, https:\/\/printara.pl\/wp-content\/uploads\/2025\/09\/KO001-10-600x600.jpg 600w, https:\/\/printara.pl\/wp-content\/uploads\/2025\/09\/KO001-10-100x100.jpg 100w, https:\/\/printara.pl\/wp-content\/uploads\/2025\/09\/KO001-10.jpg 2048w\" sizes=\"auto, (max-width: 300px) 100vw, 300px\" \/><\/div>\n\t\t\t\t\t<div class=\"wc-block-grid__product-title\">\u201eTorebkowy Stra\u017cnik\u201d \u2013 Koniec z Kuchennym Chaosem<\/div>\n\t\t\t\t<\/a>\n\t\t\t\t<div class=\"wc-block-grid__product-price price\"><\/div>\n\t\t\t\t\n\t\t\t\t<div class=\"wp-block-button wc-block-grid__product-add-to-cart\"><a href=\"https:\/\/printara.pl\/index.php\/produkt\/torebkowy-straznik-koniec-z-kuchennym-chaosem\/\" aria-label=\"Przeczytaj wi\u0119cej o &bdquo;\u201eTorebkowy Stra\u017cnik\u201d \u2013 Koniec z Kuchennym Chaosem&rdquo;\" data-quantity=\"1\" data-product_id=\"62\" data-product_sku=\"\" data-price=\"0\" rel=\"nofollow\" class=\"wp-block-button__link  add_to_cart_button\">Dowiedz si\u0119 wi\u0119cej<\/a><\/div>\n\t\t\t<\/li><li class=\"wc-block-grid__product\">\n\t\t\t\t<a href=\"https:\/\/printara.pl\/index.php\/produkt\/podstawka-na-telefon-valentine-milosc-w-wersji-praktycznej\/\" class=\"wc-block-grid__product-link\">\n\t\t\t\t\t\n\t\t\t\t\t<div class=\"wc-block-grid__product-image\"><img loading=\"lazy\" decoding=\"async\" width=\"300\" height=\"300\" src=\"https:\/\/printara.pl\/wp-content\/uploads\/2025\/09\/PH005-2-300x300.jpg\" class=\"attachment-woocommerce_thumbnail size-woocommerce_thumbnail\" alt=\"Podstawka na telefon \u201eValentine\u201d \u2013 Mi\u0142o\u015b\u0107 w wersji praktycznej\" srcset=\"https:\/\/printara.pl\/wp-content\/uploads\/2025\/09\/PH005-2-300x300.jpg 300w, https:\/\/printara.pl\/wp-content\/uploads\/2025\/09\/PH005-2-150x150.jpg 150w, https:\/\/printara.pl\/wp-content\/uploads\/2025\/09\/PH005-2-600x600.jpg 600w, https:\/\/printara.pl\/wp-content\/uploads\/2025\/09\/PH005-2-100x100.jpg 100w\" sizes=\"auto, (max-width: 300px) 100vw, 300px\" \/><\/div>\n\t\t\t\t\t<div class=\"wc-block-grid__product-title\">Podstawka na telefon \u201eValentine\u201d \u2013 Mi\u0142o\u015b\u0107 w wersji praktycznej<\/div>\n\t\t\t\t<\/a>\n\t\t\t\t<div class=\"wc-block-grid__product-price price\"><\/div>\n\t\t\t\t\n\t\t\t\t<div class=\"wp-block-button wc-block-grid__product-add-to-cart\"><a href=\"https:\/\/printara.pl\/index.php\/produkt\/podstawka-na-telefon-valentine-milosc-w-wersji-praktycznej\/\" aria-label=\"Przeczytaj wi\u0119cej o &bdquo;Podstawka na telefon \u201eValentine\u201d \u2013 Mi\u0142o\u015b\u0107 w wersji praktycznej&rdquo;\" data-quantity=\"1\" data-product_id=\"58\" data-product_sku=\"\" data-price=\"0\" rel=\"nofollow\" class=\"wp-block-button__link  add_to_cart_button\">Dowiedz si\u0119 wi\u0119cej<\/a><\/div>\n\t\t\t<\/li><\/ul><\/div><\/div>\n<\/div>\n","protected":false},"excerpt":{"rendered":"","protected":false},"author":1,"featured_media":0,"parent":0,"menu_order":0,"comment_status":"closed","ping_status":"closed","template":"","meta":{"footnotes":""},"class_list":["post-10","page","type-page","status-publish","hentry","entry","owp-thumbs-layout-horizontal","owp-btn-normal","owp-tabs-layout-horizontal","has-no-thumbnails","has-product-nav"],"_links":{"self":[{"href":"https:\/\/printara.pl\/index.php\/wp-json\/wp\/v2\/pages\/10","targetHints":{"allow":["GET"]}}],"collection":[{"href":"https:\/\/printara.pl\/index.php\/wp-json\/wp\/v2\/pages"}],"about":[{"href":"https:\/\/printara.pl\/index.php\/wp-json\/wp\/v2\/types\/page"}],"author":[{"embeddable":true,"href":"https:\/\/printara.pl\/index.php\/wp-json\/wp\/v2\/users\/1"}],"replies":[{"embeddable":true,"href":"https:\/\/printara.pl\/index.php\/wp-json\/wp\/v2\/comments?post=10"}],"version-history":[{"count":1,"href":"https:\/\/printara.pl\/index.php\/wp-json\/wp\/v2\/pages\/10\/revisions"}],"predecessor-version":[{"id":14,"href":"https:\/\/printara.pl\/index.php\/wp-json\/wp\/v2\/pages\/10\/revisions\/14"}],"wp:attachment":[{"href":"https:\/\/printara.pl\/index.php\/wp-json\/wp\/v2\/media?parent=10"}],"curies":[{"name":"wp","href":"https:\/\/api.w.org\/{rel}","templated":true}]}}