{"id":33,"date":"2025-09-06T15:55:00","date_gmt":"2025-09-06T13:55:00","guid":{"rendered":"http:\/\/printara.pl\/?post_type=product&#038;p=33"},"modified":"2025-09-06T18:44:53","modified_gmt":"2025-09-06T16:44:53","slug":"piramida-na-bizuterie-geometryczny-akcent-do-wnetrza","status":"publish","type":"product","link":"https:\/\/printara.pl\/index.php\/produkt\/piramida-na-bizuterie-geometryczny-akcent-do-wnetrza\/","title":{"rendered":"Piramida na Bi\u017cuteri\u0119 \u2013 Geometryczny Akcent do Wn\u0119trza"},"content":{"rendered":"<p>Elegancki organizer w kszta\u0142cie tr\u00f3jk\u0105ta to nie tylko praktyczne miejsce na pier\u015bcionki, bransoletki czy kolczyki, ale tak\u017ce stylowy akcent dekoracyjny. Doskonale sprawdza si\u0119 jako podstawka na bi\u017cuteri\u0119, monety, klucze czy inne drobiazgi, kt\u00f3re zas\u0142uguj\u0105 na swoje miejsce.<\/p>\n<p>Jego geometryczna forma nie tylko przyci\u0105ga wzrok, ale te\u017c cz\u0119\u015bciowo ukrywa zawarto\u015b\u0107, dodaj\u0105c przedmiotom nut\u0119 tajemniczo\u015bci. Dzi\u0119ki minimalistycznemu designowi i subtelnemu wyko\u0144czeniu, tacka utrzymuje porz\u0105dek w spos\u00f3b estetyczny i nowoczesny \u2014 bez zb\u0119dnego chaosu.<\/p>\n<p>\u2728 <strong>Dlaczego warto?<\/strong><\/p>\n<ul>\n<li>Oryginalny, geometryczny design<\/li>\n<li>Idealna do przechowywania drobnych przedmiot\u00f3w<\/li>\n<li>Dekoracja, kt\u00f3ra dodaje charakteru ka\u017cdemu wn\u0119trzu<\/li>\n<li>Stylowa organizacja bez wysi\u0142ku<\/li>\n<li>\n<p class=\"desc-p\">Wymiary: 156 \u00d7 150 \u00d7 127 mm<\/p>\n<\/li>\n<\/ul>\n","protected":false},"excerpt":{"rendered":"<p>Elegancki organizer w kszta\u0142cie tr\u00f3jk\u0105ta to nie tylko praktyczne miejsce na pier\u015bcionki, bransoletki czy kolczyki, ale tak\u017ce stylowy akcent dekoracyjny. Doskonale sprawdza si\u0119 jako podstawka na bi\u017cuteri\u0119, monety, klucze czy inne drobiazgi, kt\u00f3re zas\u0142uguj\u0105 na swoje miejsce. Jego geometryczna forma nie tylko przyci\u0105ga wzrok, ale te\u017c cz\u0119\u015bciowo ukrywa zawarto\u015b\u0107, dodaj\u0105c przedmiotom nut\u0119 tajemniczo\u015bci. Dzi\u0119ki minimalistycznemu [&hellip;]<\/p>\n","protected":false},"featured_media":35,"comment_status":"open","ping_status":"closed","template":"","meta":[],"product_brand":[],"product_cat":[17],"product_tag":[],"class_list":{"0":"post-33","1":"product","2":"type-product","3":"status-publish","4":"has-post-thumbnail","6":"product_cat-bez-kategorii","8":"entry","9":"has-media","11":"first","12":"onbackorder","13":"shipping-taxable","14":"product-type-simple","15":"has-product-nav","16":"col","17":"span_1_of_4","18":"owp-content-center","19":"owp-thumbs-layout-horizontal","20":"owp-btn-normal","21":"owp-tabs-layout-horizontal"},"_links":{"self":[{"href":"https:\/\/printara.pl\/index.php\/wp-json\/wp\/v2\/product\/33","targetHints":{"allow":["GET"]}}],"collection":[{"href":"https:\/\/printara.pl\/index.php\/wp-json\/wp\/v2\/product"}],"about":[{"href":"https:\/\/printara.pl\/index.php\/wp-json\/wp\/v2\/types\/product"}],"replies":[{"embeddable":true,"href":"https:\/\/printara.pl\/index.php\/wp-json\/wp\/v2\/comments?post=33"}],"wp:featuredmedia":[{"embeddable":true,"href":"https:\/\/printara.pl\/index.php\/wp-json\/wp\/v2\/media\/35"}],"wp:attachment":[{"href":"https:\/\/printara.pl\/index.php\/wp-json\/wp\/v2\/media?parent=33"}],"wp:term":[{"taxonomy":"product_brand","embeddable":true,"href":"https:\/\/printara.pl\/index.php\/wp-json\/wp\/v2\/product_brand?post=33"},{"taxonomy":"product_cat","embeddable":true,"href":"https:\/\/printara.pl\/index.php\/wp-json\/wp\/v2\/product_cat?post=33"},{"taxonomy":"product_tag","embeddable":true,"href":"https:\/\/printara.pl\/index.php\/wp-json\/wp\/v2\/product_tag?post=33"}],"curies":[{"name":"wp","href":"https:\/\/api.w.org\/{rel}","templated":true}]}}