{"id":37,"date":"2025-09-06T17:57:59","date_gmt":"2025-09-06T15:57:59","guid":{"rendered":"http:\/\/printara.pl\/?post_type=product&#038;p=37"},"modified":"2025-09-08T18:46:12","modified_gmt":"2025-09-08T16:46:12","slug":"facetta-wazon-nie-dla-kazdego-ale-kazdy-sie-zatrzyma","status":"publish","type":"product","link":"https:\/\/printara.pl\/index.php\/produkt\/facetta-wazon-nie-dla-kazdego-ale-kazdy-sie-zatrzyma\/","title":{"rendered":"Facetta \u2013 Wazon nie dla ka\u017cdego, ale ka\u017cdy si\u0119 zatrzyma"},"content":{"rendered":"<p>Facetta to wyj\u0105tkowy wazon o geometrycznej, fasetowej formie, kt\u00f3ry przyci\u0105ga wzrok ju\u017c z daleka \u2014 a z bliska zachwyca detalem. Jego ostre linie, kolczaste kraw\u0119dzie i zaskakuj\u0105ce kontury tworz\u0105 kompozycj\u0119 pe\u0142n\u0105 charakteru. To nie tylko naczynie na kwiaty \u2014 to pe\u0142noprawny element wystroju, kt\u00f3ry r\u00f3wnie dobrze wygl\u0105da w salonie, jak i w galerii sztuki.<\/p>\n<p>Dzi\u0119ki swojej wyrazistej sylwetce doskonale wpisuje si\u0119 w aran\u017cacje w stylu Mid-Century, Industrialnym, Minimalistycznym, a nawet odwa\u017cnych wn\u0119trzach inspirowanych latami 80. Facetta to design, kt\u00f3ry nie udaje \u2014 to osobowo\u015b\u0107 w czystej formie.<\/p>\n<p>\u2728 <strong>Dlaczego warto?<\/strong><\/p>\n<ul>\n<li>Wyj\u0105tkowa, geometryczna forma, kt\u00f3rej pr\u00f3\u017cno szuka\u0107 na sklepowych p\u00f3\u0142kach<\/li>\n<li>\u00a0Pasuje do wn\u0119trz nowoczesnych, artystycznych i eklektycznych<\/li>\n<li>\u00a0Idealny jako wazon lub dekoracyjny akcent<\/li>\n<li>\u00a0Detal, kt\u00f3ry zaskakuje przy ka\u017cdym spojrzeniu<\/li>\n<\/ul>\n<p>Rozmiar : 158 mm x 109 mm x 109 mm<\/p>\n<div><\/div>\n","protected":false},"excerpt":{"rendered":"<p>Facetta to wyj\u0105tkowy wazon o geometrycznej, fasetowej formie, kt\u00f3ry przyci\u0105ga wzrok ju\u017c z daleka \u2014 a z bliska zachwyca detalem. Jego ostre linie, kolczaste kraw\u0119dzie i zaskakuj\u0105ce kontury tworz\u0105 kompozycj\u0119 pe\u0142n\u0105 charakteru. To nie tylko naczynie na kwiaty \u2014 to pe\u0142noprawny element wystroju, kt\u00f3ry r\u00f3wnie dobrze wygl\u0105da w salonie, jak i w galerii sztuki. Dzi\u0119ki [&hellip;]<\/p>\n","protected":false},"featured_media":38,"comment_status":"open","ping_status":"closed","template":"","meta":[],"product_brand":[],"product_cat":[19],"product_tag":[],"class_list":{"0":"post-37","1":"product","2":"type-product","3":"status-publish","4":"has-post-thumbnail","6":"product_cat-wazony","8":"entry","9":"has-media","11":"first","12":"onbackorder","13":"shipping-taxable","14":"product-type-simple","15":"has-product-nav","16":"col","17":"span_1_of_4","18":"owp-content-center","19":"owp-thumbs-layout-horizontal","20":"owp-btn-normal","21":"owp-tabs-layout-horizontal"},"_links":{"self":[{"href":"https:\/\/printara.pl\/index.php\/wp-json\/wp\/v2\/product\/37","targetHints":{"allow":["GET"]}}],"collection":[{"href":"https:\/\/printara.pl\/index.php\/wp-json\/wp\/v2\/product"}],"about":[{"href":"https:\/\/printara.pl\/index.php\/wp-json\/wp\/v2\/types\/product"}],"replies":[{"embeddable":true,"href":"https:\/\/printara.pl\/index.php\/wp-json\/wp\/v2\/comments?post=37"}],"wp:featuredmedia":[{"embeddable":true,"href":"https:\/\/printara.pl\/index.php\/wp-json\/wp\/v2\/media\/38"}],"wp:attachment":[{"href":"https:\/\/printara.pl\/index.php\/wp-json\/wp\/v2\/media?parent=37"}],"wp:term":[{"taxonomy":"product_brand","embeddable":true,"href":"https:\/\/printara.pl\/index.php\/wp-json\/wp\/v2\/product_brand?post=37"},{"taxonomy":"product_cat","embeddable":true,"href":"https:\/\/printara.pl\/index.php\/wp-json\/wp\/v2\/product_cat?post=37"},{"taxonomy":"product_tag","embeddable":true,"href":"https:\/\/printara.pl\/index.php\/wp-json\/wp\/v2\/product_tag?post=37"}],"curies":[{"name":"wp","href":"https:\/\/api.w.org\/{rel}","templated":true}]}}