{"id":40,"date":"2025-09-06T18:07:27","date_gmt":"2025-09-06T16:07:27","guid":{"rendered":"http:\/\/printara.pl\/?post_type=product&#038;p=40"},"modified":"2025-09-08T18:46:21","modified_gmt":"2025-09-08T16:46:21","slug":"wazon-versa-rownowaga-formy-i-charakteru","status":"publish","type":"product","link":"https:\/\/printara.pl\/index.php\/produkt\/wazon-versa-rownowaga-formy-i-charakteru\/","title":{"rendered":"Wazon \u201eVersa\u201d \u2013 R\u00f3wnowaga Formy i Charakteru"},"content":{"rendered":"<p>Versa to wazon, kt\u00f3ry redefiniuje poj\u0119cie dekoracji. Jego mi\u0119kko zakrzywiona sylwetka zosta\u0142a wzbogacona g\u0142\u0119bokimi, rytmicznymi \u017c\u0142obieniami, kt\u00f3re nadaj\u0105 mu wizualn\u0105 masywno\u015b\u0107 i szlachetny charakter \u2014 niczym rze\u017aba z kamienia lub szk\u0142a. Te precyzyjne linie tworz\u0105 hipnotyzuj\u0105cy wz\u00f3r, kt\u00f3ry przyci\u0105ga wzrok i dodaje wn\u0119trzu luksusowego wyrazu.<\/p>\n<p>Dzi\u0119ki solidnej konstrukcji, Versa doskonale sprawdza si\u0119 zar\u00f3wno we wn\u0119trzach, jak i na zewn\u0105trz. Nie straszny jej podmuch wiatru \u2014 to dekoracja, kt\u00f3ra trwa. Jej elegancki wygl\u0105d podnosi estetyk\u0119 ka\u017cdej przestrzeni, od minimalistycznego salonu po nowoczesny taras.<\/p>\n<p>\u2728 <strong>Dlaczego warto?<\/strong><\/p>\n<ul>\n<li><strong>Hipnotyzuj\u0105cy design<\/strong> \u2013 g\u0142\u0119bokie \u017c\u0142obienia tworz\u0105 rytmiczny wz\u00f3r, kt\u00f3ry przyci\u0105ga wzrok i dodaje przestrzeni charakteru<\/li>\n<li><strong>Solidna konstrukcja<\/strong> \u2013 stabilna forma, odporna na podmuchy wiatru, idealna tak\u017ce na taras czy balkon<\/li>\n<li><strong>Uniwersalno\u015b\u0107 zastosowania<\/strong> \u2013 pasuje do kwiat\u00f3w, ga\u0142\u0119zi, suszu, a nawet jako samodzielna dekoracja<\/li>\n<li><strong>\u0141atwo dopasowa\u0107 do wn\u0119trza<\/strong> \u2013 sprawdza si\u0119 w stylach Mid-Century, Industrialnym, Minimalistycznym i eklektycznym<\/li>\n<li>\u00a0<strong>Luksusowy wygl\u0105d bez przesady<\/strong><\/li>\n<\/ul>\n<p>&nbsp;<\/p>\n<p>Rozmiar: 170 mm x 140 mm x 140 mm<\/p>\n","protected":false},"excerpt":{"rendered":"<p>Versa to wazon, kt\u00f3ry redefiniuje poj\u0119cie dekoracji. Jego mi\u0119kko zakrzywiona sylwetka zosta\u0142a wzbogacona g\u0142\u0119bokimi, rytmicznymi \u017c\u0142obieniami, kt\u00f3re nadaj\u0105 mu wizualn\u0105 masywno\u015b\u0107 i szlachetny charakter \u2014 niczym rze\u017aba z kamienia lub szk\u0142a. Te precyzyjne linie tworz\u0105 hipnotyzuj\u0105cy wz\u00f3r, kt\u00f3ry przyci\u0105ga wzrok i dodaje wn\u0119trzu luksusowego wyrazu. Dzi\u0119ki solidnej konstrukcji, Versa doskonale sprawdza si\u0119 zar\u00f3wno we wn\u0119trzach, [&hellip;]<\/p>\n","protected":false},"featured_media":43,"comment_status":"open","ping_status":"closed","template":"","meta":[],"product_brand":[],"product_cat":[19],"product_tag":[],"class_list":{"0":"post-40","1":"product","2":"type-product","3":"status-publish","4":"has-post-thumbnail","6":"product_cat-wazony","8":"entry","9":"has-media","11":"first","12":"onbackorder","13":"shipping-taxable","14":"product-type-simple","15":"has-product-nav","16":"col","17":"span_1_of_4","18":"owp-content-center","19":"owp-thumbs-layout-horizontal","20":"owp-btn-normal","21":"owp-tabs-layout-horizontal"},"_links":{"self":[{"href":"https:\/\/printara.pl\/index.php\/wp-json\/wp\/v2\/product\/40","targetHints":{"allow":["GET"]}}],"collection":[{"href":"https:\/\/printara.pl\/index.php\/wp-json\/wp\/v2\/product"}],"about":[{"href":"https:\/\/printara.pl\/index.php\/wp-json\/wp\/v2\/types\/product"}],"replies":[{"embeddable":true,"href":"https:\/\/printara.pl\/index.php\/wp-json\/wp\/v2\/comments?post=40"}],"wp:featuredmedia":[{"embeddable":true,"href":"https:\/\/printara.pl\/index.php\/wp-json\/wp\/v2\/media\/43"}],"wp:attachment":[{"href":"https:\/\/printara.pl\/index.php\/wp-json\/wp\/v2\/media?parent=40"}],"wp:term":[{"taxonomy":"product_brand","embeddable":true,"href":"https:\/\/printara.pl\/index.php\/wp-json\/wp\/v2\/product_brand?post=40"},{"taxonomy":"product_cat","embeddable":true,"href":"https:\/\/printara.pl\/index.php\/wp-json\/wp\/v2\/product_cat?post=40"},{"taxonomy":"product_tag","embeddable":true,"href":"https:\/\/printara.pl\/index.php\/wp-json\/wp\/v2\/product_tag?post=40"}],"curies":[{"name":"wp","href":"https:\/\/api.w.org\/{rel}","templated":true}]}}