{"id":49,"date":"2025-09-06T18:43:16","date_gmt":"2025-09-06T16:43:16","guid":{"rendered":"http:\/\/printara.pl\/?post_type=product&#038;p=49"},"modified":"2025-09-06T18:43:16","modified_gmt":"2025-09-06T16:43:16","slug":"miska-duo-minimalistyczna-elegancja-dla-przekasek","status":"publish","type":"product","link":"https:\/\/printara.pl\/index.php\/produkt\/miska-duo-minimalistyczna-elegancja-dla-przekasek\/","title":{"rendered":"Miska \u201eDuo\u201d \u2013 Minimalistyczna Elegancja dla Przek\u0105sek"},"content":{"rendered":"<p>Stylowa, dwukomorowa miska zaprojektowana z my\u015bl\u0105 o prostocie i funkcjonalno\u015bci. Idealna do podawania pistacji \u2014 jedna komora na orzechy, druga na \u0142upiny \u2014 ale sprawdzi si\u0119 r\u00f3wnie dobrze przy innych przek\u0105skach, takich jak oliwki, winogrona czy cukierki.<\/p>\n<p>Rozmiar: 176 mm x 155 mm x 69 mm<\/p>\n<p><strong>Dlaczego warto?<\/strong><\/p>\n<ul>\n<li>Dwie komory \u2013 wygodne oddzielenie przek\u0105sek od odpadk\u00f3w<\/li>\n<li>Pasuje do ka\u017cdego wn\u0119trza \u2013 od kuchni po taras<\/li>\n<li>\u015awietna na spotkania, wieczory filmowe i codzienne przek\u0105ski<\/li>\n<\/ul>\n","protected":false},"excerpt":{"rendered":"<p>Stylowa, dwukomorowa miska zaprojektowana z my\u015bl\u0105 o prostocie i funkcjonalno\u015bci. Idealna do podawania pistacji \u2014 jedna komora na orzechy, druga na \u0142upiny \u2014 ale sprawdzi si\u0119 r\u00f3wnie dobrze przy innych przek\u0105skach, takich jak oliwki, winogrona czy cukierki. Rozmiar: 176 mm x 155 mm x 69 mm Dlaczego warto? Dwie komory \u2013 wygodne oddzielenie przek\u0105sek od [&hellip;]<\/p>\n","protected":false},"featured_media":52,"comment_status":"open","ping_status":"closed","template":"","meta":[],"product_brand":[],"product_cat":[17],"product_tag":[],"class_list":{"0":"post-49","1":"product","2":"type-product","3":"status-publish","4":"has-post-thumbnail","6":"product_cat-bez-kategorii","8":"entry","9":"has-media","11":"first","12":"onbackorder","13":"shipping-taxable","14":"product-type-simple","15":"has-product-nav","16":"col","17":"span_1_of_4","18":"owp-content-center","19":"owp-thumbs-layout-horizontal","20":"owp-btn-normal","21":"owp-tabs-layout-horizontal"},"_links":{"self":[{"href":"https:\/\/printara.pl\/index.php\/wp-json\/wp\/v2\/product\/49","targetHints":{"allow":["GET"]}}],"collection":[{"href":"https:\/\/printara.pl\/index.php\/wp-json\/wp\/v2\/product"}],"about":[{"href":"https:\/\/printara.pl\/index.php\/wp-json\/wp\/v2\/types\/product"}],"replies":[{"embeddable":true,"href":"https:\/\/printara.pl\/index.php\/wp-json\/wp\/v2\/comments?post=49"}],"wp:featuredmedia":[{"embeddable":true,"href":"https:\/\/printara.pl\/index.php\/wp-json\/wp\/v2\/media\/52"}],"wp:attachment":[{"href":"https:\/\/printara.pl\/index.php\/wp-json\/wp\/v2\/media?parent=49"}],"wp:term":[{"taxonomy":"product_brand","embeddable":true,"href":"https:\/\/printara.pl\/index.php\/wp-json\/wp\/v2\/product_brand?post=49"},{"taxonomy":"product_cat","embeddable":true,"href":"https:\/\/printara.pl\/index.php\/wp-json\/wp\/v2\/product_cat?post=49"},{"taxonomy":"product_tag","embeddable":true,"href":"https:\/\/printara.pl\/index.php\/wp-json\/wp\/v2\/product_tag?post=49"}],"curies":[{"name":"wp","href":"https:\/\/api.w.org\/{rel}","templated":true}]}}