{"id":53,"date":"2025-09-06T23:04:27","date_gmt":"2025-09-06T21:04:27","guid":{"rendered":"https:\/\/printara.pl\/?post_type=product&#038;p=53"},"modified":"2025-09-06T23:04:40","modified_gmt":"2025-09-06T21:04:40","slug":"organizer-quadra-nowoczesny-porzadek-z-charakterem","status":"publish","type":"product","link":"https:\/\/printara.pl\/index.php\/produkt\/organizer-quadra-nowoczesny-porzadek-z-charakterem\/","title":{"rendered":"Organizer \u201eQuadra\u201d \u2013 Nowoczesny Porz\u0105dek z Charakterem"},"content":{"rendered":"<p>Stylowy i funkcjonalny organizer z czterema przegr\u00f3dkami, zaprojektowany z my\u015bl\u0105 o wszechstronno\u015bci. Doskonale sprawdzi si\u0119 jako pojemnik na p\u0119dzle do makija\u017cu, d\u0142ugopisy, o\u0142\u00f3wki, p\u0119dzle malarskie czy inne akcesoria biurowe i kosmetyczne. Jego nowoczesna forma pasuje zar\u00f3wno do \u0142azienki, biurka, jak i toaletki.<\/p>\n<p>Dzi\u0119ki kompaktowym wymiarom 120 \u00d7 120 \u00d7 110 mm, organizer \u201eQuadra\u201d oferuje wystarczaj\u0105co du\u017co miejsca na codzienne drobiazgi, jednocze\u015bnie nie zajmuj\u0105c zbyt wiele przestrzeni. \u017b\u0142obiona faktura dodaje mu elegancji i sprawia, \u017ce po wydrukowaniu wygl\u0105da wyj\u0105tkowo estetycznie.<\/p>\n<p>\u2728 <strong>Dlaczego warto?<\/strong><\/p>\n<ul>\n<li>Cztery przegr\u00f3dki \u2013 wygodna organizacja r\u00f3\u017cnych akcesori\u00f3w<\/li>\n<li>Uniwersalny design \u2013 pasuje do ka\u017cdego wn\u0119trza<\/li>\n<li>\u015awietny do \u0142azienki, biura, pracowni czy salonu kosmetycznego<\/li>\n<li>Produkt powsta\u0142 z PLA, czyli tworzywa pochodzenia ro\u015blinnego, kt\u00f3re jest w pe\u0142ni biodegradowalne.<\/li>\n<\/ul>\n","protected":false},"excerpt":{"rendered":"<p>Stylowy i funkcjonalny organizer z czterema przegr\u00f3dkami, zaprojektowany z my\u015bl\u0105 o wszechstronno\u015bci. Doskonale sprawdzi si\u0119 jako pojemnik na p\u0119dzle do makija\u017cu, d\u0142ugopisy, o\u0142\u00f3wki, p\u0119dzle malarskie czy inne akcesoria biurowe i kosmetyczne. Jego nowoczesna forma pasuje zar\u00f3wno do \u0142azienki, biurka, jak i toaletki. Dzi\u0119ki kompaktowym wymiarom 120 \u00d7 120 \u00d7 110 mm, organizer \u201eQuadra\u201d oferuje wystarczaj\u0105co [&hellip;]<\/p>\n","protected":false},"featured_media":54,"comment_status":"open","ping_status":"closed","template":"","meta":[],"product_brand":[],"product_cat":[17],"product_tag":[],"class_list":{"0":"post-53","1":"product","2":"type-product","3":"status-publish","4":"has-post-thumbnail","6":"product_cat-bez-kategorii","8":"entry","9":"has-media","11":"first","12":"onbackorder","13":"shipping-taxable","14":"product-type-simple","15":"has-product-nav","16":"col","17":"span_1_of_4","18":"owp-content-center","19":"owp-thumbs-layout-horizontal","20":"owp-btn-normal","21":"owp-tabs-layout-horizontal","22":"has-no-thumbnails"},"_links":{"self":[{"href":"https:\/\/printara.pl\/index.php\/wp-json\/wp\/v2\/product\/53","targetHints":{"allow":["GET"]}}],"collection":[{"href":"https:\/\/printara.pl\/index.php\/wp-json\/wp\/v2\/product"}],"about":[{"href":"https:\/\/printara.pl\/index.php\/wp-json\/wp\/v2\/types\/product"}],"replies":[{"embeddable":true,"href":"https:\/\/printara.pl\/index.php\/wp-json\/wp\/v2\/comments?post=53"}],"wp:featuredmedia":[{"embeddable":true,"href":"https:\/\/printara.pl\/index.php\/wp-json\/wp\/v2\/media\/54"}],"wp:attachment":[{"href":"https:\/\/printara.pl\/index.php\/wp-json\/wp\/v2\/media?parent=53"}],"wp:term":[{"taxonomy":"product_brand","embeddable":true,"href":"https:\/\/printara.pl\/index.php\/wp-json\/wp\/v2\/product_brand?post=53"},{"taxonomy":"product_cat","embeddable":true,"href":"https:\/\/printara.pl\/index.php\/wp-json\/wp\/v2\/product_cat?post=53"},{"taxonomy":"product_tag","embeddable":true,"href":"https:\/\/printara.pl\/index.php\/wp-json\/wp\/v2\/product_tag?post=53"}],"curies":[{"name":"wp","href":"https:\/\/api.w.org\/{rel}","templated":true}]}}