{"id":58,"date":"2025-09-06T23:25:28","date_gmt":"2025-09-06T21:25:28","guid":{"rendered":"https:\/\/printara.pl\/?post_type=product&#038;p=58"},"modified":"2025-09-06T23:25:28","modified_gmt":"2025-09-06T21:25:28","slug":"podstawka-na-telefon-valentine-milosc-w-wersji-praktycznej","status":"publish","type":"product","link":"https:\/\/printara.pl\/index.php\/produkt\/podstawka-na-telefon-valentine-milosc-w-wersji-praktycznej\/","title":{"rendered":"Podstawka na telefon \u201eValentine\u201d \u2013 Mi\u0142o\u015b\u0107 w wersji praktycznej"},"content":{"rendered":"<p>\u201eValentine\u201d to urocza i nowoczesna podstawka na smartfon, kt\u00f3ra nie potrzebuje d\u0142ugich opis\u00f3w \u2014 wystarczy na ni\u0105 spojrze\u0107. Jej kszta\u0142t serca sprawia, \u017ce jest nie tylko funkcjonalna, ale te\u017c pe\u0142na wdzi\u0119ku i emocji. To idealny pomys\u0142 na prezent dla bliskiej osoby lub stylowy akcent na biurku, kt\u00f3ry przyci\u0105ga wzrok i wywo\u0142uje u\u015bmiech.<\/p>\n<p>Dzi\u0119ki kompaktowym wymiarom 114 \u00d7 100 \u00d7 70 mm, podstawka pasuje do wi\u0119kszo\u015bci modeli telefon\u00f3w, zapewniaj\u0105c stabilne podparcie i wygodny k\u0105t widzenia.<\/p>\n<p>\u2728 <strong>Dlaczego warto?<\/strong><\/p>\n<ul>\n<li>\u00a0Kszta\u0142t serca \u2013 romantyczny i zabawny design<\/li>\n<li>\u00a0Idealna na prezent \u2013 dla partnera, przyjaciela lub samego siebie<\/li>\n<li>\u00a0Stabilna i praktyczna \u2013 pasuje do wi\u0119kszo\u015bci smartfon\u00f3w<\/li>\n<li>\u00a0\u015awietna jako dekoracja na biurko, p\u00f3\u0142k\u0119 czy stolik nocny<\/li>\n<li>\u00a0Wykonana z PLA \u2013 ekologiczny materia\u0142 pochodzenia ro\u015blinnego<\/li>\n<\/ul>\n","protected":false},"excerpt":{"rendered":"<p>\u201eValentine\u201d to urocza i nowoczesna podstawka na smartfon, kt\u00f3ra nie potrzebuje d\u0142ugich opis\u00f3w \u2014 wystarczy na ni\u0105 spojrze\u0107. Jej kszta\u0142t serca sprawia, \u017ce jest nie tylko funkcjonalna, ale te\u017c pe\u0142na wdzi\u0119ku i emocji. To idealny pomys\u0142 na prezent dla bliskiej osoby lub stylowy akcent na biurku, kt\u00f3ry przyci\u0105ga wzrok i wywo\u0142uje u\u015bmiech. Dzi\u0119ki kompaktowym wymiarom [&hellip;]<\/p>\n","protected":false},"featured_media":61,"comment_status":"open","ping_status":"closed","template":"","meta":[],"product_brand":[],"product_cat":[17],"product_tag":[],"class_list":{"0":"post-58","1":"product","2":"type-product","3":"status-publish","4":"has-post-thumbnail","6":"product_cat-bez-kategorii","8":"entry","9":"has-media","11":"first","12":"onbackorder","13":"shipping-taxable","14":"product-type-simple","15":"has-product-nav","16":"col","17":"span_1_of_4","18":"owp-content-center","19":"owp-thumbs-layout-horizontal","20":"owp-btn-normal","21":"owp-tabs-layout-horizontal"},"_links":{"self":[{"href":"https:\/\/printara.pl\/index.php\/wp-json\/wp\/v2\/product\/58","targetHints":{"allow":["GET"]}}],"collection":[{"href":"https:\/\/printara.pl\/index.php\/wp-json\/wp\/v2\/product"}],"about":[{"href":"https:\/\/printara.pl\/index.php\/wp-json\/wp\/v2\/types\/product"}],"replies":[{"embeddable":true,"href":"https:\/\/printara.pl\/index.php\/wp-json\/wp\/v2\/comments?post=58"}],"wp:featuredmedia":[{"embeddable":true,"href":"https:\/\/printara.pl\/index.php\/wp-json\/wp\/v2\/media\/61"}],"wp:attachment":[{"href":"https:\/\/printara.pl\/index.php\/wp-json\/wp\/v2\/media?parent=58"}],"wp:term":[{"taxonomy":"product_brand","embeddable":true,"href":"https:\/\/printara.pl\/index.php\/wp-json\/wp\/v2\/product_brand?post=58"},{"taxonomy":"product_cat","embeddable":true,"href":"https:\/\/printara.pl\/index.php\/wp-json\/wp\/v2\/product_cat?post=58"},{"taxonomy":"product_tag","embeddable":true,"href":"https:\/\/printara.pl\/index.php\/wp-json\/wp\/v2\/product_tag?post=58"}],"curies":[{"name":"wp","href":"https:\/\/api.w.org\/{rel}","templated":true}]}}