{"id":62,"date":"2025-09-06T23:32:24","date_gmt":"2025-09-06T21:32:24","guid":{"rendered":"https:\/\/printara.pl\/?post_type=product&#038;p=62"},"modified":"2025-09-06T23:33:07","modified_gmt":"2025-09-06T21:33:07","slug":"torebkowy-straznik-koniec-z-kuchennym-chaosem","status":"publish","type":"product","link":"https:\/\/printara.pl\/index.php\/produkt\/torebkowy-straznik-koniec-z-kuchennym-chaosem\/","title":{"rendered":"\u201eTorebkowy Stra\u017cnik\u201d \u2013 Koniec z Kuchennym Chaosem"},"content":{"rendered":"<p>Prosty, ale niezwykle skuteczny organizer, kt\u00f3ry pomo\u017ce Ci raz na zawsze uporz\u0105dkowa\u0107 torebki z przyprawami, proszkiem do pieczenia, cukrem waniliowym czy innymi sk\u0142adnikami do wypiek\u00f3w. Koniec z chaosem w szafkach \u2014 od teraz wszystko ma swoje miejsce.<\/p>\n<p>Model zosta\u0142 zaprojektowany pod k\u0105tem, dzi\u0119ki czemu torebki stoj\u0105 stabilnie i nie zsuwaj\u0105 si\u0119. Dodatkowe \u017c\u0142obienia na spodzie zapewniaj\u0105 lepszy chwyt i utrzymuj\u0105 ka\u017cd\u0105 paczk\u0119 na miejscu, nawet gdy szafka si\u0119 otwiera z impetem. Rozmiar 144 \u00d7 75 \u00d7 54 mm<\/p>\n<p>\u2728 <strong>Dlaczego warto?<\/strong><\/p>\n<ul>\n<li>Idealny do przechowywania sk\u0142adnik\u00f3w do pieczenia<\/li>\n<li>K\u0105towa konstrukcja \u2013 stabilne u\u0142o\u017cenie torebek bez zsuwania<\/li>\n<li>\u017b\u0142obienia na spodzie \u2013 lepszy chwyt i porz\u0105dek bez kompromis\u00f3w<\/li>\n<li>Pasuje do ka\u017cdej kuchni \u2013 od nowoczesnej po rustykaln\u0105<\/li>\n<li>Wykonany z PLA \u2013 biodegradowalny i przyjazny \u015brodowisku<\/li>\n<\/ul>\n","protected":false},"excerpt":{"rendered":"<p>Prosty, ale niezwykle skuteczny organizer, kt\u00f3ry pomo\u017ce Ci raz na zawsze uporz\u0105dkowa\u0107 torebki z przyprawami, proszkiem do pieczenia, cukrem waniliowym czy innymi sk\u0142adnikami do wypiek\u00f3w. Koniec z chaosem w szafkach \u2014 od teraz wszystko ma swoje miejsce. Model zosta\u0142 zaprojektowany pod k\u0105tem, dzi\u0119ki czemu torebki stoj\u0105 stabilnie i nie zsuwaj\u0105 si\u0119. Dodatkowe \u017c\u0142obienia na spodzie [&hellip;]<\/p>\n","protected":false},"featured_media":64,"comment_status":"open","ping_status":"closed","template":"","meta":[],"product_brand":[],"product_cat":[17],"product_tag":[],"class_list":{"0":"post-62","1":"product","2":"type-product","3":"status-publish","4":"has-post-thumbnail","6":"product_cat-bez-kategorii","8":"entry","9":"has-media","11":"first","12":"onbackorder","13":"shipping-taxable","14":"product-type-simple","15":"has-product-nav","16":"col","17":"span_1_of_4","18":"owp-content-center","19":"owp-thumbs-layout-horizontal","20":"owp-btn-normal","21":"owp-tabs-layout-horizontal"},"_links":{"self":[{"href":"https:\/\/printara.pl\/index.php\/wp-json\/wp\/v2\/product\/62","targetHints":{"allow":["GET"]}}],"collection":[{"href":"https:\/\/printara.pl\/index.php\/wp-json\/wp\/v2\/product"}],"about":[{"href":"https:\/\/printara.pl\/index.php\/wp-json\/wp\/v2\/types\/product"}],"replies":[{"embeddable":true,"href":"https:\/\/printara.pl\/index.php\/wp-json\/wp\/v2\/comments?post=62"}],"wp:featuredmedia":[{"embeddable":true,"href":"https:\/\/printara.pl\/index.php\/wp-json\/wp\/v2\/media\/64"}],"wp:attachment":[{"href":"https:\/\/printara.pl\/index.php\/wp-json\/wp\/v2\/media?parent=62"}],"wp:term":[{"taxonomy":"product_brand","embeddable":true,"href":"https:\/\/printara.pl\/index.php\/wp-json\/wp\/v2\/product_brand?post=62"},{"taxonomy":"product_cat","embeddable":true,"href":"https:\/\/printara.pl\/index.php\/wp-json\/wp\/v2\/product_cat?post=62"},{"taxonomy":"product_tag","embeddable":true,"href":"https:\/\/printara.pl\/index.php\/wp-json\/wp\/v2\/product_tag?post=62"}],"curies":[{"name":"wp","href":"https:\/\/api.w.org\/{rel}","templated":true}]}}