{"id":97,"date":"2025-09-16T18:43:58","date_gmt":"2025-09-16T16:43:58","guid":{"rendered":"https:\/\/printara.pl\/?post_type=product&#038;p=97"},"modified":"2025-09-16T18:48:47","modified_gmt":"2025-09-16T16:48:47","slug":"organizer-do-szafy-na-paski-krawaty-czy-akcesoria","status":"publish","type":"product","link":"https:\/\/printara.pl\/index.php\/produkt\/organizer-do-szafy-na-paski-krawaty-czy-akcesoria\/","title":{"rendered":"Organizer do szafy \u2013 na paski, krawaty czy akcesoria"},"content":{"rendered":"<p>Nowoczesny organizer zaprojektowany z my\u015bl\u0105 o przechowywaniu pask\u00f3w, szalik\u00f3w, skarpetek, zegark\u00f3w czy krawat\u00f3w. Koniec z chaosem i szukaniem \u2013 porz\u0105dek w szafie zaczyna si\u0119 od dobrze zaprojektowanego rozwi\u0105zania.<\/p>\n<p><strong>\u2728 Dlaczego warto?<\/strong><\/p>\n<ul>\n<li>U\u0142atwia utrzymanie porz\u0105dku w szafie czy garderobie<\/li>\n<li>Minimalistyczny design pasuje do ka\u017cdego wn\u0119trza<\/li>\n<li>Idealny na paski, krawaty, szaliki, skarpetki i inne dodatki<\/li>\n<li>Doskona\u0142y pomys\u0142 na prezent dla mi\u0142o\u015bnik\u00f3w organizacji i designu<\/li>\n<\/ul>\n<p>Rozmiar:162 \u00d7 90 \u00d7 55 mm.<\/p>\n<p>&nbsp;<\/p>\n<p>&nbsp;<\/p>\n","protected":false},"excerpt":{"rendered":"<p>Nowoczesny organizer zaprojektowany z my\u015bl\u0105 o przechowywaniu pask\u00f3w, szalik\u00f3w, skarpetek, zegark\u00f3w czy krawat\u00f3w. Koniec z chaosem i szukaniem \u2013 porz\u0105dek w szafie zaczyna si\u0119 od dobrze zaprojektowanego rozwi\u0105zania. \u2728 Dlaczego warto? U\u0142atwia utrzymanie porz\u0105dku w szafie czy garderobie Minimalistyczny design pasuje do ka\u017cdego wn\u0119trza Idealny na paski, krawaty, szaliki, skarpetki i inne dodatki Doskona\u0142y pomys\u0142 [&hellip;]<\/p>\n","protected":false},"featured_media":0,"comment_status":"open","ping_status":"closed","template":"","meta":[],"product_brand":[],"product_cat":[17],"product_tag":[],"class_list":{"0":"post-97","1":"product","2":"type-product","3":"status-publish","5":"product_cat-bez-kategorii","7":"entry","9":"first","10":"onbackorder","11":"shipping-taxable","12":"product-type-simple","13":"has-product-nav","14":"col","15":"span_1_of_4","16":"owp-content-center","17":"owp-thumbs-layout-horizontal","18":"owp-btn-normal","19":"owp-tabs-layout-horizontal","20":"has-no-thumbnails"},"_links":{"self":[{"href":"https:\/\/printara.pl\/index.php\/wp-json\/wp\/v2\/product\/97","targetHints":{"allow":["GET"]}}],"collection":[{"href":"https:\/\/printara.pl\/index.php\/wp-json\/wp\/v2\/product"}],"about":[{"href":"https:\/\/printara.pl\/index.php\/wp-json\/wp\/v2\/types\/product"}],"replies":[{"embeddable":true,"href":"https:\/\/printara.pl\/index.php\/wp-json\/wp\/v2\/comments?post=97"}],"wp:attachment":[{"href":"https:\/\/printara.pl\/index.php\/wp-json\/wp\/v2\/media?parent=97"}],"wp:term":[{"taxonomy":"product_brand","embeddable":true,"href":"https:\/\/printara.pl\/index.php\/wp-json\/wp\/v2\/product_brand?post=97"},{"taxonomy":"product_cat","embeddable":true,"href":"https:\/\/printara.pl\/index.php\/wp-json\/wp\/v2\/product_cat?post=97"},{"taxonomy":"product_tag","embeddable":true,"href":"https:\/\/printara.pl\/index.php\/wp-json\/wp\/v2\/product_tag?post=97"}],"curies":[{"name":"wp","href":"https:\/\/api.w.org\/{rel}","templated":true}]}}