{"id":98,"date":"2025-09-16T18:48:20","date_gmt":"2025-09-16T16:48:20","guid":{"rendered":"https:\/\/printara.pl\/?post_type=product&#038;p=98"},"modified":"2025-09-16T18:48:20","modified_gmt":"2025-09-16T16:48:20","slug":"organizer-lazienkowy-makeupmate-minimalistyczny-i-praktyczny","status":"publish","type":"product","link":"https:\/\/printara.pl\/index.php\/produkt\/organizer-lazienkowy-makeupmate-minimalistyczny-i-praktyczny\/","title":{"rendered":"Organizer \u0142azienkowy MakeUpMate \u2013 minimalistyczny i praktyczny"},"content":{"rendered":"<p>Nowoczesny organizer zaprojektowany z my\u015bl\u0105 o uporz\u0105dkowaniu przestrzeni na blacie \u0142azienkowym lub w szafce. Posiada dwa przedzia\u0142y: wi\u0119kszy \u2013 idealny na p\u0142atki kosmetyczne, kremy, buteleczki czy wy\u017csze kosmetyki, oraz mniejszy \u2013 przeznaczony na patyczki higieniczne, p\u0142atki lub p\u0119dzle. Proste, czyste linie nadaj\u0105 mu subtelny wygl\u0105d, kt\u00f3ry pasuje do wi\u0119kszo\u015bci \u0142azienek.Rze\u017abione, \u017cebrowane \u015bcianki wzmacniaj\u0105 konstrukcj\u0119 bez dodawania masy, dzi\u0119ki czemu organizer jest trwa\u0142y i odporny na codzienne u\u017cytkowanie, zachowuj\u0105c przy tym nowoczesny styl.<\/p>\n<p><strong>Rozmiar:<\/strong> 120 \u00d7 91 \u00d7 68 mm<\/p>\n<p><strong>\u2728 Dlaczego warto?<\/strong><\/p>\n<ul>\n<li>Pomaga utrzyma\u0107 porz\u0105dek na blacie \u0142azienkowym i w szafce<\/li>\n<li>Dwa praktyczne przedzia\u0142y \u2013 na kosmetyki, patyczki, p\u0142atki, p\u0119dzle i inne akcesoria<\/li>\n<li>Minimalistyczny design pasuj\u0105cy do wi\u0119kszo\u015bci wn\u0119trz<\/li>\n<li>\u017bebrowane \u015bcianki zwi\u0119kszaj\u0105 wytrzyma\u0142o\u015b\u0107 bez dodawania masy<\/li>\n<li>Lekki, a jednocze\u015bnie solidny \u2013 idealny do codziennego u\u017cytku<\/li>\n<li>Doskona\u0142y pomys\u0142 na prezent dla mi\u0142o\u015bnik\u00f3w organizacji i designu<\/li>\n<\/ul>\n<div><\/div>\n","protected":false},"excerpt":{"rendered":"<p>Nowoczesny organizer zaprojektowany z my\u015bl\u0105 o uporz\u0105dkowaniu przestrzeni na blacie \u0142azienkowym lub w szafce. Posiada dwa przedzia\u0142y: wi\u0119kszy \u2013 idealny na p\u0142atki kosmetyczne, kremy, buteleczki czy wy\u017csze kosmetyki, oraz mniejszy \u2013 przeznaczony na patyczki higieniczne, p\u0142atki lub p\u0119dzle. Proste, czyste linie nadaj\u0105 mu subtelny wygl\u0105d, kt\u00f3ry pasuje do wi\u0119kszo\u015bci \u0142azienek.Rze\u017abione, \u017cebrowane \u015bcianki wzmacniaj\u0105 konstrukcj\u0119 bez [&hellip;]<\/p>\n","protected":false},"featured_media":0,"comment_status":"open","ping_status":"closed","template":"","meta":[],"product_brand":[],"product_cat":[17],"product_tag":[],"class_list":{"0":"post-98","1":"product","2":"type-product","3":"status-publish","5":"product_cat-bez-kategorii","7":"entry","9":"first","10":"onbackorder","11":"shipping-taxable","12":"product-type-simple","13":"has-product-nav","14":"col","15":"span_1_of_4","16":"owp-content-center","17":"owp-thumbs-layout-horizontal","18":"owp-btn-normal","19":"owp-tabs-layout-horizontal","20":"has-no-thumbnails"},"_links":{"self":[{"href":"https:\/\/printara.pl\/index.php\/wp-json\/wp\/v2\/product\/98","targetHints":{"allow":["GET"]}}],"collection":[{"href":"https:\/\/printara.pl\/index.php\/wp-json\/wp\/v2\/product"}],"about":[{"href":"https:\/\/printara.pl\/index.php\/wp-json\/wp\/v2\/types\/product"}],"replies":[{"embeddable":true,"href":"https:\/\/printara.pl\/index.php\/wp-json\/wp\/v2\/comments?post=98"}],"wp:attachment":[{"href":"https:\/\/printara.pl\/index.php\/wp-json\/wp\/v2\/media?parent=98"}],"wp:term":[{"taxonomy":"product_brand","embeddable":true,"href":"https:\/\/printara.pl\/index.php\/wp-json\/wp\/v2\/product_brand?post=98"},{"taxonomy":"product_cat","embeddable":true,"href":"https:\/\/printara.pl\/index.php\/wp-json\/wp\/v2\/product_cat?post=98"},{"taxonomy":"product_tag","embeddable":true,"href":"https:\/\/printara.pl\/index.php\/wp-json\/wp\/v2\/product_tag?post=98"}],"curies":[{"name":"wp","href":"https:\/\/api.w.org\/{rel}","templated":true}]}}